{"id":10,"date":"2015-12-24T17:39:02","date_gmt":"2015-12-24T17:39:02","guid":{"rendered":"http:\/\/www.vilaosac.com.pe\/web\/?page_id=10"},"modified":"2021-02-01T13:18:35","modified_gmt":"2021-02-01T13:18:35","slug":"productos","status":"publish","type":"page","link":"https:\/\/www.vilaosac.com.pe\/web\/productos","title":{"rendered":"Productos"},"content":{"rendered":"<div  class=\"ui--tabs ui--tabs-mini ui--tabs-mini-horizontal clearfix text-center\"><div class=\"ui--tabs-header clearfix\"><div class=\"ui--tabs-header-holder\"><div class=\"ui--tabs-border-before\"><\/div><div class=\"ui--tabs-border-after\"><\/div><ul class=\"ui--tabs-titles clearfix unstyled\"><li class=\"\"><h5><a href=\"#Cavilo\">Cavilo<\/a><\/h5><\/li><li class=\"\"><h5><a href=\"#Sole\">Sole<\/a><\/h5><\/li><li class=\"\"><h5><a href=\"#CaloRex\">CaloRex<\/a><\/h5><\/li><li class=\"\"><h5><a href=\"#AquaMaxx\">AquaMaxx<\/a><\/h5><\/li><li class=\"\"><h5><a href=\"#Classic\">Classic<\/a><\/h5><\/li><\/ul><\/div><\/div><div class=\"clearfix\"><\/div><ul class=\"ui--tabs-contents text-left clearfix\"><li id=\"Cavilo\" class=\"hidden\"> <div class=\"ui-row row\">\n <div   class=\"ui-column span6\"><div class=\"ui--image-wrap clearfix\"><img  id=\"ui--image-1\" class=\"ui--image ui--animation\" src=\"http:\/\/www.vilaosac.com.pe\/web\/wp-content\/uploads\/1.jpg\" alt=\"1\" title=\"1\" data-at2x=\"\"\/><\/div><div class=\"auto-format ui--animation\"><h5 align=\"center\">TERMA DE PASO CONTIN\u00daO  TIPO A<\/h5>\n<p align=\"center\">CAPACIDAD<br \/>\n5.5 L<\/p>\n<\/div><\/div> \n\n <div   class=\"ui-column span6\"><div class=\"ui--image-wrap clearfix\"><img  id=\"ui--image-2\" class=\"ui--image ui--animation\" src=\"http:\/\/www.vilaosac.com.pe\/web\/wp-content\/uploads\/10-TN.jpg\" alt=\"10-TN\" title=\"10-TN\" data-at2x=\"\"\/><\/div><div class=\"auto-format ui--animation\"><h5 align=\"center\">TERMA DE PASO CONTIN\u00daO B1 TIRO NATURAL <\/h5>\n<p align=\"center\">CAPACIDAD<br \/>\n10 L l 13 L l 16 L<\/p>\n<\/div><\/div> \n\n<\/div> \n<div class=\"ui--title ui--animation ui--title-bordered text-center\"><div class=\"ui--title-holder\"><h4 class=\"ui--title-text\">TIPO B<\/h4><div style=\"border-color: #FFFFFF !important;\" class=\"ui--title-borders ui--title-border-left\"><\/div><div style=\"border-color: #FFFFFF !important;\" class=\"ui--title-borders ui--title-border-right\"><\/div><\/div><\/div><div class=\"ui-row row\">\n <div   class=\"ui-column span6\"><div class=\"ui--image-wrap clearfix\"><img  id=\"ui--image-3\" class=\"ui--image ui--animation\" src=\"http:\/\/www.vilaosac.com.pe\/web\/wp-content\/uploads\/forzado1-2.jpg\" alt=\"forzado1-2\" title=\"forzado1-2\" data-at2x=\"\"\/><\/div><div class=\"auto-format ui--animation\"><h5 align=\"center\">TERMA DE PASO CONTIN\u00daO B2 TIRO FORZADO<\/h5>\n<p align=\"center\">CAPACIDAD<br \/>\n10 L l 13 L <\/p>\n<\/div><\/div> \n\n <div   class=\"ui-column span6\"><div class=\"ui--image-wrap clearfix\"><img  id=\"ui--image-4\" class=\"ui--image ui--animation\" src=\"http:\/\/www.vilaosac.com.pe\/web\/wp-content\/uploads\/camar\u00e1-estanca.jpg\" alt=\"camar\u00e1-estanca\" title=\"camar\u00e1-estanca\" data-at2x=\"\"\/><\/div><div class=\"auto-format ui--animation\"><h5 align=\"center\">TERMA DE PASO CONTINUO TIPO C &#8211; C\u00c1MARA ESTANCA- TIRO FORZADO<\/h5>\n<p align=\"center\">CAPACIDAD<br \/>\n10 L <\/p>\n<\/div><\/div> \n\n<\/div> \n <\/li><li id=\"Sole\" class=\"hidden\"> <div class=\"ui--title ui--animation ui--title-bordered text-center\"><div class=\"ui--title-holder\"><h4 class=\"ui--title-text\">TIPO A<\/h4><div style=\"border-color: #FFFFFF !important;\" class=\"ui--title-borders ui--title-border-left\"><\/div><div style=\"border-color: #FFFFFF !important;\" class=\"ui--title-borders ui--title-border-right\"><\/div><\/div><\/div><div class=\"ui-row row\">\n <div   class=\"ui-column span6\"><div class=\"ui--image-wrap clearfix\"><img  id=\"ui--image-5\" class=\"ui--image ui--animation\" src=\"http:\/\/www.vilaosac.com.pe\/web\/wp-content\/uploads\/2015\/12\/Vilao_SAC_Imagenes_001.jpg\" alt=\"Vilao_SAC_Imagenes_001\" title=\"Vilao_SAC_Imagenes_001\" data-at2x=\"\"\/><\/div><div><h5 align=\"center\">TERMOTANQUES<\/h5>\r\n<p align=\"center\">23 L, 38 L, 58 L, 78 L, 96 L, 120 L, 135 L, 185 L.<\/p><\/div><\/div> \n\n <div   class=\"ui-column span6\"><div class=\"ui--image-wrap clearfix\"><img  id=\"ui--image-6\" class=\"ui--image ui--animation\" src=\"http:\/\/www.vilaosac.com.pe\/web\/wp-content\/uploads\/2015\/12\/Vilao_SAC_Imagenes_002.jpg\" alt=\"Vilao_SAC_Imagenes_002\" title=\"Vilao_SAC_Imagenes_002\" data-at2x=\"\"\/><\/div><div class=\"auto-format ui--animation\"><h5 align=\"center\">TERMA<\/h5>\n<p align=\"center\">5.5 LITROS\/ min<\/p>\n<\/div><\/div> \n\n<\/div> \n<div class=\"ui--title ui--animation ui--title-bordered text-center\"><div class=\"ui--title-holder\"><h4 class=\"ui--title-text\">TIPO B<\/h4><div style=\"border-color: #FFFFFF !important;\" class=\"ui--title-borders ui--title-border-left\"><\/div><div style=\"border-color: #FFFFFF !important;\" class=\"ui--title-borders ui--title-border-right\"><\/div><\/div><\/div><div class=\"ui-row row\">\n <div   class=\"ui-column span6\"><div class=\"ui--image-wrap clearfix\"><img  id=\"ui--image-7\" class=\"ui--image ui--animation\" src=\"http:\/\/www.vilaosac.com.pe\/web\/wp-content\/uploads\/2015\/12\/Vilao_SAC_Imagenes_002.jpg\" alt=\"Vilao_SAC_Imagenes_002\" title=\"Vilao_SAC_Imagenes_002\" data-at2x=\"\"\/><\/div><div class=\"auto-format ui--animation\"><h5 align=\"center\">TERMA A GAS<\/h5>\n<p align=\"center\">CAPACIDAD Litros \/ Minutos<\/p>\n<p align=\"center\">6 L, 10 L, 13 L, 16 L.<\/p>\n<\/div><\/div> \n\n <div   class=\"ui-column span6\"><div class=\"ui--image-wrap clearfix\"><img  id=\"ui--image-8\" class=\"ui--image ui--animation\" src=\"http:\/\/www.vilaosac.com.pe\/web\/wp-content\/uploads\/2015\/12\/Vilao_SAC_Imagenes_003.jpg\" alt=\"Vilao_SAC_Imagenes_003\" title=\"Vilao_SAC_Imagenes_003\" data-at2x=\"\"\/><\/div><div class=\"auto-format ui--animation\"><h5 align=\"center\">TERMOTANQUES<\/h5>\n<p align=\"center\">CAPACIDAD Litros \/ Minutos<\/p>\n<p align=\"center\">STANDARD: 80 L, 120 L, 150 L, 190 L.<\/p>\n<p align=\"center\">ALTA RECUPERACION: 30 L, 160 L, 285 L, 375 L.<\/p>\n<\/div><\/div> \n\n<\/div> \n<div class=\"ui--title ui--animation ui--title-bordered text-center\"><div class=\"ui--title-holder\"><h4 class=\"ui--title-text\">TERMAS ELECTRICAS<\/h4><div style=\"border-color: #FFFFFF !important;\" class=\"ui--title-borders ui--title-border-left\"><\/div><div style=\"border-color: #FFFFFF !important;\" class=\"ui--title-borders ui--title-border-right\"><\/div><\/div><\/div><div class=\"ui-row row\">\n <div   class=\"ui-column span6\"><div class=\"ui--image-wrap clearfix\"><img  id=\"ui--image-9\" class=\"ui--image ui--animation\" src=\"http:\/\/www.vilaosac.com.pe\/web\/wp-content\/uploads\/2015\/12\/Vilao_SAC_Imagenes_015.jpg\" alt=\"Vilao_SAC_Imagenes_015\" title=\"Vilao_SAC_Imagenes_015\" data-at2x=\"\"\/><\/div><div class=\"auto-format ui--animation\"><h5 align=\"center\">EVOLUCION<\/h5>\n<p align=\"center\">VERTICALES: 20 L, 35 L, 50 L, 80 L, 110 L.<\/p>\n<p align=\"center\">HORIZONTALES: 50 L, 80 L, 110 L, 150 L.<\/p>\n<\/div><\/div> \n\n <div   class=\"ui-column span6\"><div class=\"ui--image-wrap clearfix\"><img  id=\"ui--image-10\" class=\"ui--image ui--animation\" src=\"http:\/\/www.vilaosac.com.pe\/web\/wp-content\/uploads\/2015\/12\/Vilao_SAC_Imagenes_016.jpg\" alt=\"Vilao_SAC_Imagenes_016\" title=\"Vilao_SAC_Imagenes_016\" data-at2x=\"\"\/><\/div><div class=\"auto-format ui--animation\"><h5 align=\"center\">MILLENIUM<\/h5>\n<p align=\"center\">VERTICALES: 50 L, 80 L, 110 L, 150 L.<\/p>\n<\/div><\/div> \n\n<\/div> \n <\/li><li id=\"CaloRex\" class=\"hidden\"> <div class=\"ui--title ui--animation ui--title-bordered text-center\"><div class=\"ui--title-holder\"><h4 class=\"ui--title-text\">TIPO A<\/h4><div style=\"border-color: #FFFFFF !important;\" class=\"ui--title-borders ui--title-border-left\"><\/div><div style=\"border-color: #FFFFFF !important;\" class=\"ui--title-borders ui--title-border-right\"><\/div><\/div><\/div><div class=\"ui-row row\">\n <div   class=\"ui-column span6\"><div class=\"ui--image-wrap clearfix\"><img  id=\"ui--image-11\" class=\"ui--image ui--animation\" src=\"http:\/\/www.vilaosac.com.pe\/web\/wp-content\/uploads\/2015\/12\/Vilao_SAC_Imagenes_006.jpg\" alt=\"Vilao_SAC_Imagenes_006\" title=\"Vilao_SAC_Imagenes_006\" data-at2x=\"\"\/><\/div><div class=\"auto-format ui--animation\"><h5 align=\"center\">TERMOTANQUES DE ACUMULACION COMERCIAL<\/h5>\n<p align=\"center\">Especial para uso HOTELERO<\/p>\n<\/div><\/div> \n\n <div   class=\"ui-column span6\"><div class=\"ui--image-wrap clearfix\"><img  id=\"ui--image-12\" class=\"ui--image ui--animation\" src=\"http:\/\/www.vilaosac.com.pe\/web\/wp-content\/uploads\/2015\/12\/Vilao_SAC_Imagenes_005.jpg\" alt=\"Vilao_SAC_Imagenes_005\" title=\"Vilao_SAC_Imagenes_005\" data-at2x=\"\"\/><\/div><div class=\"auto-format ui--animation\"><h5 align=\"center\">TERMOTANQUES<\/h5>\n<p align=\"center\">CAPACIDAD Litros \/ Minutos<\/p>\n<p align=\"center\">62 L, 103 L, 132 L, 200 L.<\/p>\n<\/div><\/div> \n\n<\/div> \n<div class=\"ui--title ui--animation ui--title-bordered text-center\"><div class=\"ui--title-holder\"><h4 class=\"ui--title-text\">TIPO B<\/h4><div style=\"border-color: #FFFFFF !important;\" class=\"ui--title-borders ui--title-border-left\"><\/div><div style=\"border-color: #FFFFFF !important;\" class=\"ui--title-borders ui--title-border-right\"><\/div><\/div><\/div><div class=\"ui-row row\">\n <div   class=\"ui-column span6\"><div class=\"ui--image-wrap clearfix\"><img  id=\"ui--image-13\" class=\"ui--image ui--animation\" src=\"http:\/\/www.vilaosac.com.pe\/web\/wp-content\/uploads\/2015\/12\/Vilao_SAC_Imagenes_007.jpg\" alt=\"Vilao_SAC_Imagenes_007\" title=\"Vilao_SAC_Imagenes_007\" data-at2x=\"\"\/><\/div><div class=\"auto-format ui--animation\"><h5 align=\"center\">TERMOTANQUES<\/h5>\n<p align=\"center\">CAPACIDAD<br \/>\nLitros \/ Minutos<\/p>\n<p align=\"center\">STANDARD: 80 L, 120 L, 150 L, 190 L.<br \/>ALTA RECUPERACION:30 L, 160 L, 285 L, 375 L.<\/p>\n<\/div><\/div> \n\n <div   class=\"ui-column span6\"><div class=\"ui--image-wrap clearfix\"><img  id=\"ui--image-14\" class=\"ui--image ui--animation\" src=\"http:\/\/www.vilaosac.com.pe\/web\/wp-content\/uploads\/2015\/12\/Vilao_SAC_Imagenes_008.jpg\" alt=\"Vilao_SAC_Imagenes_008\" title=\"Vilao_SAC_Imagenes_008\" data-at2x=\"\"\/><\/div><div class=\"auto-format ui--animation\"><h5 align=\"center\">TERMAS A GAS<\/h5>\n<p align=\"center\">CAPACIDAD Litros \/ Minutos<\/p>\n<p align=\"center\">6 L, 10 L, 13 L, 16 L.<\/p>\n<\/div><\/div> \n\n<\/div> \n <\/li><li id=\"AquaMaxx\" class=\"hidden\"> <div class=\"ui-row row\">\n <div   class=\"ui-column span6\"><div class=\"ui--image-wrap clearfix\"><img  id=\"ui--image-15\" class=\"ui--image ui--animation\" src=\"http:\/\/www.vilaosac.com.pe\/web\/wp-content\/uploads\/2015\/12\/Vilao_SAC_Imagenes_010.jpg\" alt=\"Vilao_SAC_Imagenes_010\" title=\"Vilao_SAC_Imagenes_010\" data-at2x=\"\"\/><\/div><div class=\"auto-format ui--animation\"><h5 align=\"center\">TIPO A<\/h5>\n<p align=\"center\">CAPACIDAD Litros \/ Minutos: 5.5 L<\/p>\n<\/div><\/div> \n\n <div   class=\"ui-column span6\"><div class=\"ui--image-wrap clearfix\"><img  id=\"ui--image-16\" class=\"ui--image ui--animation\" src=\"http:\/\/www.vilaosac.com.pe\/web\/wp-content\/uploads\/2015\/12\/Vilao_SAC_Imagenes_009.jpg\" alt=\"Vilao_SAC_Imagenes_009\" title=\"Vilao_SAC_Imagenes_009\" data-at2x=\"\"\/><\/div><div class=\"auto-format ui--animation\"><h5 align=\"center\">TIPO B<\/h5>\n<p align=\"center\">CAPACIDAD Litros \/ Minutos<br \/>7.5 L, 10 L, 16 L<\/p>\n<\/div><\/div> \n\n<\/div> \n <\/li><li id=\"Classic\" class=\"hidden\"> <div class=\"ui--title ui--animation ui--title-bordered text-center\"><div class=\"ui--title-holder\"><h4 class=\"ui--title-text\">TIPO A<\/h4><div style=\"border-color: #FFFFFF !important;\" class=\"ui--title-borders ui--title-border-left\"><\/div><div style=\"border-color: #FFFFFF !important;\" class=\"ui--title-borders ui--title-border-right\"><\/div><\/div><\/div><div class=\"ui-row row\">\n <div   class=\"ui-column span6\"><div class=\"ui--image-wrap clearfix\"><img  id=\"ui--image-17\" class=\"ui--image ui--animation\" src=\"http:\/\/www.vilaosac.com.pe\/web\/wp-content\/uploads\/2015\/12\/Vilao_SAC_Imagenes_012.jpg\" alt=\"Vilao_SAC_Imagenes_012\" title=\"Vilao_SAC_Imagenes_012\" data-at2x=\"\"\/><\/div><div class=\"auto-format ui--animation\"><h5 align=\"center\">TERMA<\/h5>\n<p align=\"center\">CAPACIDAD Litros \/ Minutos: 25 L, 40 L, 60 L, 80 L, 100 L, 120 L, 135 L.<\/p>\n<\/div><\/div> \n\n <div   class=\"ui-column span6\"><div class=\"ui--image-wrap clearfix\"><img  id=\"ui--image-18\" class=\"ui--image ui--animation\" src=\"http:\/\/www.vilaosac.com.pe\/web\/wp-content\/uploads\/2015\/12\/Vilao_SAC_Imagenes_011.jpg\" alt=\"\" title=\"\" data-at2x=\"\"\/><\/div><div class=\"auto-format ui--animation\"><h5 align=\"center\">TERMOTANQUES<\/h5>\n<p align=\"center\">CAPACIDAD Litros \/ Minutos<br \/>25 L, 40 L, 60 L, 80 L, 100 L, 120 L, 135 L.<\/p>\n<\/div><\/div> \n\n<\/div> \n <\/li><\/ul><\/div>","protected":false},"excerpt":{"rendered":"<p>CaviloSoleCaloRexAquaMaxxClassic TERMA DE PASO CONTIN\u00daO TIPO A CAPACIDAD 5.5 L TERMA DE PASO CONTIN\u00daO B1 TIRO NATURAL CAPACIDAD 10 L l 13 L l 16 L TIPO B TERMA DE PASO CONTIN\u00daO B2 TIRO FORZADO CAPACIDAD 10 L l 13 L TERMA DE PASO CONTINUO TIPO C &#8211; C\u00c1MARA ESTANCA- TIRO FORZADO CAPACIDAD 10 L [&hellip;]<\/p>\n","protected":false},"author":1,"featured_media":0,"parent":0,"menu_order":0,"comment_status":"closed","ping_status":"closed","template":"","meta":[],"_links":{"self":[{"href":"https:\/\/www.vilaosac.com.pe\/web\/wp-json\/wp\/v2\/pages\/10"}],"collection":[{"href":"https:\/\/www.vilaosac.com.pe\/web\/wp-json\/wp\/v2\/pages"}],"about":[{"href":"https:\/\/www.vilaosac.com.pe\/web\/wp-json\/wp\/v2\/types\/page"}],"author":[{"embeddable":true,"href":"https:\/\/www.vilaosac.com.pe\/web\/wp-json\/wp\/v2\/users\/1"}],"replies":[{"embeddable":true,"href":"https:\/\/www.vilaosac.com.pe\/web\/wp-json\/wp\/v2\/comments?post=10"}],"version-history":[{"count":10,"href":"https:\/\/www.vilaosac.com.pe\/web\/wp-json\/wp\/v2\/pages\/10\/revisions"}],"predecessor-version":[{"id":177,"href":"https:\/\/www.vilaosac.com.pe\/web\/wp-json\/wp\/v2\/pages\/10\/revisions\/177"}],"wp:attachment":[{"href":"https:\/\/www.vilaosac.com.pe\/web\/wp-json\/wp\/v2\/media?parent=10"}],"curies":[{"name":"wp","href":"https:\/\/api.w.org\/{rel}","templated":true}]}}