{"id":72,"date":"2015-12-26T22:07:05","date_gmt":"2015-12-26T22:07:05","guid":{"rendered":"http:\/\/www.vilaosac.com.pe\/web\/?page_id=72"},"modified":"2015-12-28T17:59:19","modified_gmt":"2015-12-28T17:59:19","slug":"servicios","status":"publish","type":"page","link":"https:\/\/www.vilaosac.com.pe\/web\/servicios","title":{"rendered":"Servicios"},"content":{"rendered":"<div  class=\"ui--tabs ui--tabs-mini ui--tabs-mini-horizontal clearfix text-center\"><div class=\"ui--tabs-header clearfix\"><div class=\"ui--tabs-header-holder\"><div class=\"ui--tabs-border-before\"><\/div><div class=\"ui--tabs-border-after\"><\/div><ul class=\"ui--tabs-titles clearfix unstyled\"><li class=\"\"><h5><a href=\"#Dise\u00f1o_y_elaboraci\u00f3n_de_planos\">Dise\u00f1o y elaboraci\u00f3n<br> de planos <\/a><\/h5><\/li><li class=\"\"><h5><a href=\"#servicios_instalacion_de_redes_de_gas\">Ejecuci\u00f3n e instalaci\u00f3n<br> de las redes<\/a><\/h5><\/li><li class=\"\"><h5><a href=\"#Tr\u00e1mites_legales_ante_la_Municipalidad_y\/o_entes_regulatorios\">Tr\u00e1mites legales ante <br>la Municipalidad y\/o entes regulatorios <\/a><\/h5><\/li><\/ul><\/div><\/div><div class=\"clearfix\"><\/div><ul class=\"ui--tabs-contents text-left clearfix\"><li id=\"Dise\u00f1o_y_elaboraci\u00f3n_de_planos\" class=\"hidden\"> <div class=\"ui-row row\">\n <div   class=\"ui-column span6\"><div class=\"auto-format ui--animation\"><p align=\"justify\">Utilizando los conocimientos pr\u00e1cticos producto de una amplia experiencia y respaldados por las normas vigentes,  realizamos Levantamientos y el dibujo arquitect\u00f3nico del predio (si es que no cuentan con uno propio) y lo transferimos a digital o utilizando los planos de arquitectura de los proyectos buscamos la ubicaci\u00f3n m\u00e1s eficiente para la distribuci\u00f3n de la red de gas.<\/p>\n<p align=\"justify\">Con el programa AutoCAD 2015, elaboramos dibujos de vistas en planta, isometr\u00edas en 3D de las redes de gas; tanto de la l\u00ednea montante (alta presi\u00f3n) y la l\u00ednea interna (baja presi\u00f3n), detalles de las instalaciones y de los artefactos.<\/p>\n<p align=\"justify\">Todo lo hacemos de una manera Eficiente, Pr\u00e1ctica y segura.<\/p>\n<\/div><\/div> \n\n <div   class=\"ui-column span6\"><div class=\"ui--image-wrap clearfix\"><img  id=\"ui--image-1\" class=\"ui--image ui--animation\" src=\"http:\/\/www.vilaosac.com.pe\/web\/wp-content\/uploads\/2015\/12\/Vilao_SAC_Servicios_001.jpg\" alt=\"Vilao_SAC_Servicios_001\" title=\"Vilao_SAC_Servicios_001\" data-at2x=\"\"\/><\/div><\/div> \n\n<\/div> \n <\/li><li id=\"servicios_instalacion_de_redes_de_gas\" class=\"hidden\"> <div class=\"ui-row row\">\n <div   class=\"ui-column span6\"><div class=\"auto-format ui--animation\"><p align=\"justify\">Nuestros materiales y accesorios cuentan con la certificaci\u00f3n necesaria requerida por los entes reguladores para la respectiva instalaci\u00f3n de las redes,estas certificaciones est\u00e1n dispuestas a solicitud de presentaci\u00f3n en el momento requerido.<\/p>\n<\/div><\/div> \n\n <div   class=\"ui-column span6\"><div class=\"ui--image-wrap clearfix\"><img  id=\"ui--image-2\" class=\"ui--image ui--animation\" src=\"http:\/\/www.vilaosac.com.pe\/web\/wp-content\/uploads\/2015\/12\/Vilao_SAC_Servicios_002.jpg\" alt=\"Vilao_SAC_Servicios_002\" title=\"Vilao_SAC_Servicios_002\" data-at2x=\"\"\/><\/div><\/div> \n\n<\/div> \n <\/li><li id=\"Tr\u00e1mites_legales_ante_la_Municipalidad_y\/o_entes_regulatorios\" class=\"hidden\"> <div class=\"ui-row row\">\n <div   class=\"ui-column span6\"><div class=\"auto-format ui--animation\"><p align=\"justify\">Cuando los tr\u00e1mites legales ante la municipalidad y\/o entes regulatorios que se hace para su conexi\u00f3n a gas natural a su domicilio de forma mec\u00e1nica, rutinaria y sin an\u00e1lisis, el riesgo de tener futuros problemas es muy alto.<\/p>\n<p>La asesor\u00eda y servicio laboral de Vilao S.A.C. asume el compromiso de evitar estos futuros problemas!!<\/p>\n<p align=\"justify\"><strong>El trabajo bien hecho es siempre  un ahorro econ\u00f3mico, a corto y a largo plazo.<\/strong> Aplicamos las normas vigentes y m\u00e1ximos est\u00e1ndares de calidad para que su empresa disponga de las mejores condiciones y se beneficie del servicio otorgado por las empresas distribuidoras de gas natural.<\/p>\n<p align=\"justify\"><strong>Tenemos visi\u00f3n  a futuro.<\/strong> Evitamos  errores en los tr\u00e1mites y en los procesos legales ante la municipalidad que puedan, en un futuro, ocasionarle alg\u00fan conflicto imprevisto que derive en un gasto econ\u00f3mico.<\/p>\n<p align=\"justify\"><strong>No aplicamos rutinas de trabajo, aplicamos sistem\u00e1tico y organizaci\u00f3n.<\/strong> Porque sabemos  que usted y su negocio tienen situaciones particulares, que debemos afrontar con orden, pero de forma precisa y \u00fanica.<\/p>\n<p align=\"justify\"><strong>Buen parte de nuestro trabajo consiste en realizar acciones preventivas.<\/strong> Porque la prevenci\u00f3n permite que su din\u00e1mica empresarial fluya sin sorpresas ante los entes reguladores (Osinergmin) y sobre todo su seguridad y de los suyos.<\/p>\n<\/div><\/div> \n\n <div   class=\"ui-column span6\"><div class=\"ui--image-wrap clearfix\"><img  id=\"ui--image-3\" class=\"ui--image ui--animation\" src=\"http:\/\/www.vilaosac.com.pe\/web\/wp-content\/uploads\/2015\/12\/Vilao_SAC_Servicios_003.jpg\" alt=\"Vilao_SAC_Servicios_003\" title=\"Vilao_SAC_Servicios_003\" data-at2x=\"\"\/><\/div><\/div> \n\n<\/div> \n <\/li><\/ul><\/div><div  class=\"ui--divider ui--animation clearfix ui--divider-dashed-line\" style=\"border-color: #0f5e6e !important;\"><\/div><div  class=\"ui--tabs ui--tabs-mini ui--tabs-mini-horizontal clearfix text-center\"><div class=\"ui--tabs-header clearfix\"><div class=\"ui--tabs-header-holder\"><div class=\"ui--tabs-border-before\"><\/div><div class=\"ui--tabs-border-after\"><\/div><ul class=\"ui--tabs-titles clearfix unstyled\"><li class=\"\"><h5><a href=\"#Puesta_en_marcha_de_las_mismas_ante_un_cliente\">Puesta en marcha de las mismas ante un cliente <\/a><\/h5><\/li><li class=\"\"><h5><a href=\"#Capacitaci\u00f3n_del_correcto_uso\">Capacitaci\u00f3n del correcto uso:<\/a><\/h5><\/li><\/ul><\/div><\/div><div class=\"clearfix\"><\/div><ul class=\"ui--tabs-contents text-left clearfix\"><li id=\"Puesta_en_marcha_de_las_mismas_ante_un_cliente\" class=\"hidden\"> <div class=\"ui-row row\">\n <div   class=\"ui-column span6\"><div class=\"auto-format ui--animation\"><p align=\"justify\">Somos una empresa peruana, Especializada en el desarrollo de ingeniera en redes de Gas Natural\/GLP Y Petr\u00f3leo a nivel Residencial, Comercial e Industrial. Contamos con registro en Osinergmin 00542 m\u00e1xima categor\u00eda IG3, trabajamos de la mano con CALIDDA y las mejores empresas distribuidoras de hidrocarburos.<\/p>\n<p align=\"justify\">Contamos con personal altamente calificado en cada \u00e1rea, con ingenieros de cada especialidad, as\u00ed como un staff de profesionales que le brindar\u00e1n todos los alcances que solicite, haciendo eficiente y sostenible sus proyectos, garantiz\u00e1ndole nuestro mejor servicio en sus proyectos: <\/p>\n<\/div><\/div> \n\n <div   class=\"ui-column span6\"><div class=\"ui--image-wrap clearfix\"><img  id=\"ui--image-4\" class=\"ui--image ui--animation\" src=\"http:\/\/www.vilaosac.com.pe\/web\/wp-content\/uploads\/2015\/12\/Vilao_SAC_Servicios_004.jpg\" alt=\"Vilao_SAC_Servicios_004\" title=\"Vilao_SAC_Servicios_004\" data-at2x=\"\"\/><\/div><\/div> \n\n<\/div> \n <\/li><li id=\"Capacitaci\u00f3n_del_correcto_uso\" class=\"hidden\"> <div class=\"ui-row row\">\n <div   class=\"ui-column span4\"><div  class=\"ui--toggle ui--animation clearfix ui--toggle-state-opened\"><div class=\"ui--toggle-title\"><a href=\"javascript:;\"><span class=\"ui--toggle-icon\"><i class=\"ui--icon show-when-closed fontawesome-plus\"><\/i><i class=\"ui--icon show-when-opened fontawesome-minus\"><\/i><\/span><span class=\"ui--toggle-title-text heading\">RESIDENCIALES:<\/span><\/a><\/div><div class=\"ui--toggle-content\"><div class=\"auto-format ui--animation\"><ul>\n<li>Viviendas<\/li>\n<li>Unifamiliar<\/li>\n<li>Multifamiliares<\/li>\n<li>Condominios<\/li>\n<\/ul>\n<\/div><\/div><\/div><\/div> \n\n <div   class=\"ui-column span4\"><div  class=\"ui--toggle ui--animation clearfix ui--toggle-state-opened\"><div class=\"ui--toggle-title\"><a href=\"javascript:;\"><span class=\"ui--toggle-icon\"><i class=\"ui--icon show-when-closed fontawesome-plus\"><\/i><i class=\"ui--icon show-when-opened fontawesome-minus\"><\/i><\/span><span class=\"ui--toggle-title-text heading\">COMERCIALES:<\/span><\/a><\/div><div class=\"ui--toggle-content\"><div class=\"auto-format ui--animation\"><ul>\n<li>Restaurantes<\/li>\n<li>Panader\u00edas<\/li>\n<li>Lavander\u00edas<\/li>\n<li>Poller\u00edas<\/li>\n<li>Fuente de soda<\/li>\n<li>Saunas<\/li>\n<li>Etc<\/li>\n<\/ul>\n<\/div><\/div><\/div><\/div> \n\n <div   class=\"ui-column span4\"><div  class=\"ui--toggle ui--animation clearfix ui--toggle-state-opened\"><div class=\"ui--toggle-title\"><a href=\"javascript:;\"><span class=\"ui--toggle-icon\"><i class=\"ui--icon show-when-closed fontawesome-plus\"><\/i><i class=\"ui--icon show-when-opened fontawesome-minus\"><\/i><\/span><span class=\"ui--toggle-title-text heading\">INDUSTRIALES<\/span><\/a><\/div><div class=\"ui--toggle-content\"><div class=\"auto-format ui--animation\"><ul>\n<li>Fabricas<\/li>\n<li>Granjas<\/li>\n<li>Grifos<\/li>\n<li>Industrias<\/li>\n<li>Etc<\/li>\n<\/ul>\n<\/div><\/div><\/div><\/div> \n\n<\/div> \n <\/li><\/ul><\/div><div class=\"ui--title ui--animation ui--title-bordered text-center\"><div class=\"ui--title-holder\"><h3 class=\"ui--title-text\" style=\"color: #bababa !important;\">.<\/h3><div style=\"border-color: #adadad !important;\" class=\"ui--title-borders ui--title-border-left\"><\/div><div style=\"border-color: #adadad !important;\" class=\"ui--title-borders ui--title-border-right\"><\/div><\/div><\/div><div  class=\"ui--animation-in make--fx--fadein-ttb ui--pass clearfix\" data-fx=\"fx--fadein-ttb\" data-delay=\"150\" data-start-delay=\"0\"><div class=\"ui-row row\">\n <div   class=\"ui-column span4\"><div  class=\"ui--space clearfix\" style=\"height: 5px;\" data-responsive=\"{&quot;css&quot;:{&quot;height&quot;:{&quot;phone&quot;:null,&quot;tablet&quot;:null,&quot;widescreen&quot;:&quot;5px&quot;}}}\"><\/div><div  class=\"ui--accordion ui--box ui--animation clearfix\"><div  class=\"ui--accordion-item ui--gradient ui--gradient-grey on--hover ui-row first-item ui--accordion-state-opened accordion-1-1\"><a href=\"#accordion-1-1\" class=\"ui--accordion-item-title heading\"><div><span class=\"ui--accordion-item-title-text\">Residenciales<\/span><\/div><\/a><div id=\"accordion-1-1\" class=\"ui--accordion-item-content\"> <div class=\"auto-format ui--animation\"><ul>\n<li>Ejecuci\u00f3n de proyectos residenciales<\/li>\n<li>Proyectos de Drywall en residencias<\/li>\n<li>Ejecuci\u00f3n de instalaciones el\u00e9ctricas<\/li>\n<li>Ejecuci\u00f3n de instalaciones sanitarias<\/li>\n<li>Proyectos en estructuras met\u00e1licas<\/li>\n<li>Proyectos en madera y melamine<\/li>\n<li>Proyectos en acabados y pinturas<\/li>\n<li>Dise\u00f1o de planos<\/li>\n<\/ul>\n<\/div><div class=\"ui--image-wrap clearfix\"><img  id=\"ui--image-5\" class=\"ui--image ui--animation\" src=\"http:\/\/www.vilaosac.com.pe\/web\/wp-content\/uploads\/Vilao_SAC_Inicio_001.jpg\" alt=\"Vilao_SAC_Inicio_001\" title=\"Vilao_SAC_Inicio_001\" data-at2x=\"\"\/><\/div> <\/div><\/div><\/div><\/div> \n\n <div   class=\"ui-column span4\"><div  class=\"ui--space clearfix\" style=\"height: 5px;\" data-responsive=\"{&quot;css&quot;:{&quot;height&quot;:{&quot;phone&quot;:null,&quot;tablet&quot;:null,&quot;widescreen&quot;:&quot;5px&quot;}}}\"><\/div><div  class=\"ui--accordion ui--box ui--animation clearfix\"><div  class=\"ui--accordion-item ui--gradient ui--gradient-grey on--hover ui-row first-item ui--accordion-state-opened accordion-2-1\"><a href=\"#accordion-2-1\" class=\"ui--accordion-item-title heading\"><div><span class=\"ui--accordion-item-title-text\">Comerciales<\/span><\/div><\/a><div id=\"accordion-2-1\" class=\"ui--accordion-item-content\"> <div class=\"ui--image-wrap clearfix\"><img  id=\"ui--image-6\" class=\"ui--image ui--animation\" src=\"http:\/\/www.vilaosac.com.pe\/web\/wp-content\/uploads\/Vilao_SAC_Inicio_002.jpg\" alt=\"Vilao_SAC_Inicio_002\" title=\"Vilao_SAC_Inicio_002\" data-at2x=\"\"\/><\/div><div class=\"auto-format ui--animation\"><ul>\n<li>Ejecuci\u00f3n de proyectos comerciales<\/li>\n<li>Proyectos de Drywall en oficinas y locales comerciales<\/li>\n<li>Ejecuci\u00f3n de instalaciones el\u00e9ctricas<\/li>\n<li>Ejecuci\u00f3n de instalaciones sanitarias<\/li>\n<li>Proyectos en estructuras met\u00e1licas<\/li>\n<li>Proyectos en madera y melamine<\/li>\n<li>Proyectos en acabados y pinturas<\/li>\n<li>Dise\u00f1o de planos<\/li>\n<\/ul>\n<\/div> <\/div><\/div><\/div><\/div> \n\n <div   class=\"ui-column span4\"><div  class=\"ui--space clearfix\" style=\"height: 5px;\" data-responsive=\"{&quot;css&quot;:{&quot;height&quot;:{&quot;phone&quot;:null,&quot;tablet&quot;:null,&quot;widescreen&quot;:&quot;5px&quot;}}}\"><\/div><div  class=\"ui--accordion ui--box ui--animation clearfix\"><div  class=\"ui--accordion-item ui--gradient ui--gradient-grey on--hover ui-row first-item ui--accordion-state-opened accordion-3-1\"><a href=\"#accordion-3-1\" class=\"ui--accordion-item-title heading\"><div><span class=\"ui--accordion-item-title-text\">Industriales<\/span><\/div><\/a><div id=\"accordion-3-1\" class=\"ui--accordion-item-content\"> <div class=\"auto-format ui--animation\"><ul>\n<li>Ejecuci\u00f3n de proyectos industriales<\/li>\n<li>Proyectos de drywall en industrias<\/li>\n<li>Ejecuci\u00f3n de instalaciones el\u00e9ctricas<\/li>\n<li>Ejecuci\u00f3n de instalaciones sanitarias<\/li>\n<li>Proyectos en estructuras met\u00e1licas<\/li>\n<li>Proyectos en madera y melamine<\/li>\n<li>Proyectos en acabados y pinturas<\/li>\n<li>Dise\u00f1o de planos<\/li>\n<\/ul>\n<\/div><div class=\"ui--image-wrap clearfix\"><img  id=\"ui--image-7\" class=\"ui--image ui--animation\" src=\"http:\/\/www.vilaosac.com.pe\/web\/wp-content\/uploads\/Vilao_SAC_Inicio_003.jpg\" alt=\"Vilao_SAC_Inicio_003\" title=\"Vilao_SAC_Inicio_003\" data-at2x=\"\"\/><\/div> <\/div><\/div><\/div><\/div> \n\n<\/div> \n<\/div>","protected":false},"excerpt":{"rendered":"<p>Dise\u00f1o y elaboraci\u00f3n de planos Ejecuci\u00f3n e instalaci\u00f3n de las redesTr\u00e1mites legales ante la Municipalidad y\/o entes regulatorios Utilizando los conocimientos pr\u00e1cticos producto de una amplia experiencia y respaldados por las normas vigentes, realizamos Levantamientos y el dibujo arquitect\u00f3nico del predio (si es que no cuentan con uno propio) y lo transferimos a digital o [&hellip;]<\/p>\n","protected":false},"author":1,"featured_media":0,"parent":0,"menu_order":0,"comment_status":"closed","ping_status":"closed","template":"","meta":[],"_links":{"self":[{"href":"https:\/\/www.vilaosac.com.pe\/web\/wp-json\/wp\/v2\/pages\/72"}],"collection":[{"href":"https:\/\/www.vilaosac.com.pe\/web\/wp-json\/wp\/v2\/pages"}],"about":[{"href":"https:\/\/www.vilaosac.com.pe\/web\/wp-json\/wp\/v2\/types\/page"}],"author":[{"embeddable":true,"href":"https:\/\/www.vilaosac.com.pe\/web\/wp-json\/wp\/v2\/users\/1"}],"replies":[{"embeddable":true,"href":"https:\/\/www.vilaosac.com.pe\/web\/wp-json\/wp\/v2\/comments?post=72"}],"version-history":[{"count":3,"href":"https:\/\/www.vilaosac.com.pe\/web\/wp-json\/wp\/v2\/pages\/72\/revisions"}],"predecessor-version":[{"id":85,"href":"https:\/\/www.vilaosac.com.pe\/web\/wp-json\/wp\/v2\/pages\/72\/revisions\/85"}],"wp:attachment":[{"href":"https:\/\/www.vilaosac.com.pe\/web\/wp-json\/wp\/v2\/media?parent=72"}],"curies":[{"name":"wp","href":"https:\/\/api.w.org\/{rel}","templated":true}]}}