{"id":8,"date":"2015-12-24T17:38:09","date_gmt":"2015-12-24T17:38:09","guid":{"rendered":"http:\/\/www.vilaosac.com.pe\/web\/?page_id=8"},"modified":"2016-04-01T15:34:31","modified_gmt":"2016-04-01T15:34:31","slug":"nosotros","status":"publish","type":"page","link":"https:\/\/www.vilaosac.com.pe\/web\/nosotros","title":{"rendered":"Nosotros"},"content":{"rendered":"<div  id=\"video-background-1\" class=\"ui--video-background-wrapper fullwidth-content clearfix\"><div class=\"ui--video-background-holder\"><div  class=\"ui--video-background-video hidden-phone \"><\/div><div  class=\"ui--video-background\"><div class=\"ui--gradient\"><\/div><\/div><\/div><div  class=\"ui--section-content container clearfix\"><div class=\"ui-row row\">\n <div   class=\"ui-column span6\"><div class=\"auto-format ui--animation\"><p align=\"justify\">Somos una empresa peruana, con m\u00e1s de 5 a\u00f1os de experiencia; especializada en el desarrollo integral de servicios generales en ingenier\u00eda en redes de gas natural \/ GLP y Petr\u00f3leo,  atendiendo los sectores residenciales, multifamiliares, comerciales e industriales.<\/p>\n<p align=\"justify\">Nuestra empresa se encuentra debidamente registrada y supervisada por OSINERGMIN manteniendo la m\u00e1xima envergadura con categor\u00eda ig3 (gas natural) esto nos permite brindar un excelente servicio y la confianza de otorgar los mejores beneficios a nuestros clientes en el cumplimiento de sus objetivos.<\/p>\n<p align=\"justify\">Trabajamos con un equipo de profesionales reconocidos por su talento, decisi\u00f3n y experiencia en ingenier\u00eda,  construcci\u00f3n y un profundo conocimiento del mercado peruano y las obras llevan nuestra firma de nuestro compromiso con la calidad y cumplimiento de las normas tecnicas peruanas y asi brindar todos los est\u00e1ndares de seguridad.<\/p>\n<\/div><\/div> \n\n <div   class=\"ui-column span6\"><div class=\"ui--image-wrap clearfix\" style=\"margin-bottom: 15px;\"><img  id=\"ui--image-1\" class=\"ui--image ui--animation\" src=\"http:\/\/www.vilaosac.com.pe\/web\/wp-content\/uploads\/2015\/12\/vilao_sac_Nosotros_01.jpg\" alt=\"\" title=\"\" data-at2x=\"\"\/><\/div><\/div> \n\n<\/div> \n<div  class=\"ui--divider ui--animation clearfix ui--divider-solid-line\"><\/div><div class=\"ui-row row\">\n <div   class=\"ui-column span4\"><div  class=\"ui--toggle ui--animation clearfix ui--toggle-state-opened\"><div class=\"ui--toggle-title\"><a href=\"javascript:;\"><span class=\"ui--toggle-icon\"><i class=\"ui--icon show-when-closed fontawesome-check\"><\/i><i class=\"ui--icon show-when-opened fontawesome-check-sign\"><\/i><\/span><span class=\"ui--toggle-title-text heading\">Misi\u00f3n <\/span><\/a><\/div><div class=\"ui--toggle-content\"><div class=\"auto-format ui--animation\"><p align=\"justify\">Somos una empresa dedicada a los servicios integrales de ingenier\u00eda, preocupada en brindar siempre un servicio de excelencia a nuestros clientes, en condiciones \u00f3ptimas de calidad, buscando aportar a la calidad de vida de la comunidad y las oportunidades del mercado.<\/p>\n<\/div><\/div><\/div><\/div> \n\n <div   class=\"ui-column span4\"><div  class=\"ui--toggle ui--animation clearfix ui--toggle-state-opened\"><div class=\"ui--toggle-title\"><a href=\"javascript:;\"><span class=\"ui--toggle-icon\"><i class=\"ui--icon show-when-closed fontawesome-check\"><\/i><i class=\"ui--icon show-when-opened fontawesome-check-sign\"><\/i><\/span><span class=\"ui--toggle-title-text heading\">Visi\u00f3n<\/span><\/a><\/div><div class=\"ui--toggle-content\"><div class=\"auto-format ui--animation\"><p align=\"justify\">Ser una empresa l\u00edder en construcci\u00f3n en el sector hidrocarburos, soluciones integrales, servicios y comercializacion de productos de alta tecnolog\u00eda para gas natural, GLP, petr\u00f3leo y otros a nivel nacional e internacional.<\/p>\n<\/div><\/div><\/div><\/div> \n\n <div   class=\"ui-column span4\"><div  class=\"ui--toggle ui--animation clearfix ui--toggle-state-opened\"><div class=\"ui--toggle-title\"><a href=\"javascript:;\"><span class=\"ui--toggle-icon\"><i class=\"ui--icon show-when-closed fontawesome-folder-close-alt\"><\/i><i class=\"ui--icon show-when-opened fontawesome-folder-close\"><\/i><\/span><span class=\"ui--toggle-title-text heading\">Nuestros valores<\/span><\/a><\/div><div class=\"ui--toggle-content\"><div class=\"auto-format ui--animation\"><p>Son los siguientes:<\/p>\n<ul>\n<li>Disciplina.<\/li>\n<li>Autocritica.<\/li>\n<li>Pro actividad.<\/li>\n<li>Perseverancia.<\/li>\n<li>Disponibilidad al cambio.<\/li>\n<li>Responsabilidad.<\/li>\n<li>Aprendizaje.<\/li>\n<\/ul>\n<\/div><\/div><\/div><\/div> \n\n<\/div> \n<div  class=\"ui--divider ui--animation clearfix ui--divider-solid-line\"><\/div><\/div><\/div>","protected":false},"excerpt":{"rendered":"<p>Somos una empresa peruana, con m\u00e1s de 5 a\u00f1os de experiencia; especializada en el desarrollo integral de servicios generales en ingenier\u00eda en redes de gas natural \/ GLP y Petr\u00f3leo, atendiendo los sectores residenciales, multifamiliares, comerciales e industriales. Nuestra empresa se encuentra debidamente registrada y supervisada por OSINERGMIN manteniendo la m\u00e1xima envergadura con categor\u00eda ig3 [&hellip;]<\/p>\n","protected":false},"author":1,"featured_media":0,"parent":0,"menu_order":0,"comment_status":"closed","ping_status":"closed","template":"","meta":[],"_links":{"self":[{"href":"https:\/\/www.vilaosac.com.pe\/web\/wp-json\/wp\/v2\/pages\/8"}],"collection":[{"href":"https:\/\/www.vilaosac.com.pe\/web\/wp-json\/wp\/v2\/pages"}],"about":[{"href":"https:\/\/www.vilaosac.com.pe\/web\/wp-json\/wp\/v2\/types\/page"}],"author":[{"embeddable":true,"href":"https:\/\/www.vilaosac.com.pe\/web\/wp-json\/wp\/v2\/users\/1"}],"replies":[{"embeddable":true,"href":"https:\/\/www.vilaosac.com.pe\/web\/wp-json\/wp\/v2\/comments?post=8"}],"version-history":[{"count":4,"href":"https:\/\/www.vilaosac.com.pe\/web\/wp-json\/wp\/v2\/pages\/8\/revisions"}],"predecessor-version":[{"id":114,"href":"https:\/\/www.vilaosac.com.pe\/web\/wp-json\/wp\/v2\/pages\/8\/revisions\/114"}],"wp:attachment":[{"href":"https:\/\/www.vilaosac.com.pe\/web\/wp-json\/wp\/v2\/media?parent=8"}],"curies":[{"name":"wp","href":"https:\/\/api.w.org\/{rel}","templated":true}]}}